{"id":510,"date":"2016-09-27T15:48:34","date_gmt":"2016-09-27T13:48:34","guid":{"rendered":"http:\/\/fitness2.mythemecloud.io\/?page_id=510"},"modified":"2023-06-13T01:08:27","modified_gmt":"2023-06-12T23:08:27","slug":"aktualnosci","status":"publish","type":"page","link":"https:\/\/roltucz.pl\/index.php\/aktualnosci\/","title":{"rendered":"Aktualno\u015bci"},"content":{"rendered":"\t\t<div data-elementor-type=\"wp-page\" data-elementor-id=\"510\" class=\"elementor elementor-510\">\n\t\t\t\t\t\t<section class=\"elementor-section elementor-top-section elementor-element elementor-element-059cc5a elementor-section-boxed elementor-section-height-default elementor-section-height-default\" data-id=\"059cc5a\" data-element_type=\"section\">\n\t\t\t\t\t\t<div class=\"elementor-container elementor-column-gap-default\">\n\t\t\t\t\t<div class=\"elementor-column elementor-col-100 elementor-top-column elementor-element elementor-element-c264917\" data-id=\"c264917\" data-element_type=\"column\">\n\t\t\t<div class=\"elementor-widget-wrap elementor-element-populated\">\n\t\t\t\t\t\t<div class=\"elementor-element elementor-element-5fd32f7 elementor-widget elementor-widget-obfx-posts-grid\" data-id=\"5fd32f7\" data-element_type=\"widget\" data-widget_type=\"obfx-posts-grid.default\">\n\t\t\t\t<div class=\"elementor-widget-container\">\n\t\t\t\t\t<div class=\"obfx-grid\"><div class=\"obfx-grid-container obfx-grid-desktop-3\"><div class=\"obfx-grid-wrapper\"><article class=\"obfx-grid-col\"><div class=\"obfx-grid-col-image\" ><a href=\"https:\/\/roltucz.pl\/index.php\/2023\/07\/05\/ogloszenie-przetargu-na-budowe-biogazowni\/\" title=\"Og\u0142oszenie przetargu na budow\u0119 biogazowni\"><img fetchpriority=\"high\" decoding=\"async\" width=\"4542\" height=\"923\" src=\"https:\/\/mluvgbzxwii1.i.optimole.com\/w:auto\/h:auto\/q:mauto\/f:best\/https:\/\/roltucz.pl\/wp-content\/uploads\/2023\/07\/bio.png\" class=\"img-responsive wp-post-image\" alt=\"bio\" srcset=\"https:\/\/mluvgbzxwii1.i.optimole.com\/w:auto\/h:auto\/q:mauto\/f:best\/https:\/\/roltucz.pl\/wp-content\/uploads\/2023\/07\/bio.png 4542w, https:\/\/mluvgbzxwii1.i.optimole.com\/w:300\/h:61\/q:mauto\/f:best\/https:\/\/roltucz.pl\/wp-content\/uploads\/2023\/07\/bio.png 300w, https:\/\/mluvgbzxwii1.i.optimole.com\/w:1024\/h:208\/q:mauto\/f:best\/https:\/\/roltucz.pl\/wp-content\/uploads\/2023\/07\/bio.png 1024w, https:\/\/mluvgbzxwii1.i.optimole.com\/w:768\/h:156\/q:mauto\/f:best\/https:\/\/roltucz.pl\/wp-content\/uploads\/2023\/07\/bio.png 768w, https:\/\/mluvgbzxwii1.i.optimole.com\/w:1536\/h:312\/q:mauto\/f:best\/https:\/\/roltucz.pl\/wp-content\/uploads\/2023\/07\/bio.png 1536w, https:\/\/mluvgbzxwii1.i.optimole.com\/w:1920\/h:390\/q:mauto\/f:best\/https:\/\/roltucz.pl\/wp-content\/uploads\/2023\/07\/bio.png 2048w\" sizes=\"(max-width: 4542px) 100vw, 4542px\" \/><\/a><\/div><div class=\"obfx-grid-col-content\">\t\t\t<h2 class=\"entry-title obfx-grid-title\">\n\t\t\t\t\t\t\t<a href=\"https:\/\/roltucz.pl\/index.php\/2023\/07\/05\/ogloszenie-przetargu-na-budowe-biogazowni\/\" title=\"Og\u0142oszenie przetargu na budow\u0119 biogazowni\">\n\t\t\t\t\tOg\u0142oszenie przetargu na budow\u0119 biogazowni\t\t\t\t<\/a>\n\t\t\t\t\t\t\t<\/h2>\n\t\t\t\t\t\t\t<div class=\"entry-meta obfx-grid-meta\">\n\n\t\t\t\t\t\t\t\t\t\t\t\t\t<span class=\"obfx-grid-author\">\n\t\t\t\t\t\t\t\t\t<i class=\"fas fa-user\"><\/i>admin5446\t\t\t\t\t\t\t\t<\/span>\n\t\t\t\t\t\t\t\t\t\t\t\t\t\t\t\t<span class=\"obfx-grid-date\">\n\t\t\t\t\t\t\t\t\t<i class=\"fas fa-calendar\"><\/i>5 lipca 2023\t\t\t\t\t\t\t\t<\/span>\n\t\t\t\t\t\t\t\t\n\t\t\t\t<\/div>\n\t\t\t\t\t\t\t<div class=\"entry-content obfx-grid-content\">\n\t\t\t\tROL-TUCZ Jaros\u0142aw Budka og\u0142asza przetarg na budow\u0119 biogazownie w miejscowo\u015bci Chromakowo. Pliki do pobrania: 1.&nbsp; Projekt Budowlany tom I 2. Projekt Budowlany tom II 3. Pozwolenie 4. Warunki Przy\u0142\u0105czenia Biogazowni&hellip;\t\t\t<\/div>\n\t\t\t<\/div><\/article><\/div><div class=\"obfx-grid-wrapper\"><article class=\"obfx-grid-col\"><div class=\"obfx-grid-col-image\" ><a href=\"https:\/\/roltucz.pl\/index.php\/2023\/06\/13\/praca-czeka\/\" title=\"Praca czeka\"><img fetchpriority=\"high\" decoding=\"async\" width=\"940\" height=\"788\" src=\"https:\/\/mluvgbzxwii1.i.optimole.com\/w:auto\/h:auto\/q:mauto\/f:best\/https:\/\/roltucz.pl\/wp-content\/uploads\/2023\/06\/kontakt-606-128-332.png\" class=\"img-responsive wp-post-image\" alt=\"kontakt 606 128 332\" srcset=\"https:\/\/mluvgbzxwii1.i.optimole.com\/w:auto\/h:auto\/q:mauto\/f:best\/https:\/\/roltucz.pl\/wp-content\/uploads\/2023\/06\/kontakt-606-128-332.png 940w, https:\/\/mluvgbzxwii1.i.optimole.com\/w:300\/h:251\/q:mauto\/f:best\/https:\/\/roltucz.pl\/wp-content\/uploads\/2023\/06\/kontakt-606-128-332.png 300w, https:\/\/mluvgbzxwii1.i.optimole.com\/w:768\/h:644\/q:mauto\/f:best\/https:\/\/roltucz.pl\/wp-content\/uploads\/2023\/06\/kontakt-606-128-332.png 768w\" sizes=\"(max-width: 940px) 100vw, 940px\" \/><\/a><\/div><div class=\"obfx-grid-col-content\">\t\t\t<h2 class=\"entry-title obfx-grid-title\">\n\t\t\t\t\t\t\t<a href=\"https:\/\/roltucz.pl\/index.php\/2023\/06\/13\/praca-czeka\/\" title=\"Praca czeka\">\n\t\t\t\t\tPraca czeka\t\t\t\t<\/a>\n\t\t\t\t\t\t\t<\/h2>\n\t\t\t\t\t\t\t<div class=\"entry-meta obfx-grid-meta\">\n\n\t\t\t\t\t\t\t\t\t\t\t\t\t<span class=\"obfx-grid-author\">\n\t\t\t\t\t\t\t\t\t<i class=\"fas fa-user\"><\/i>admin5446\t\t\t\t\t\t\t\t<\/span>\n\t\t\t\t\t\t\t\t\t\t\t\t\t\t\t\t<span class=\"obfx-grid-date\">\n\t\t\t\t\t\t\t\t\t<i class=\"fas fa-calendar\"><\/i>13 czerwca 2023\t\t\t\t\t\t\t\t<\/span>\n\t\t\t\t\t\t\t\t\n\t\t\t\t<\/div>\n\t\t\t\t\t\t\t<div class=\"entry-content obfx-grid-content\">\n\t\t\t\tZatrudnimy od zaraz pracownika obs\u0142ugi mieszalni pasz.\t\t\t<\/div>\n\t\t\t<\/div><\/article><\/div><\/div><!-- .obfx-grid-container --><\/div><!-- .obfx-grid -->\t\t\t\t<\/div>\n\t\t\t\t<\/div>\n\t\t\t\t\t<\/div>\n\t\t<\/div>\n\t\t\t\t\t<\/div>\n\t\t<\/section>\n\t\t\t\t<\/div>\n\t\t","protected":false},"excerpt":{"rendered":"<p>Praca czeka admin5446 13 czerwca 2023 Zatrudnimy od zaraz pracownika obs\u0142ugi mieszalni pasz.<\/p>\n","protected":false},"author":1,"featured_media":0,"parent":0,"menu_order":0,"comment_status":"closed","ping_status":"closed","template":"","meta":{"ocean_post_layout":"","ocean_both_sidebars_style":"","ocean_both_sidebars_content_width":0,"ocean_both_sidebars_sidebars_width":0,"ocean_sidebar":"0","ocean_second_sidebar":"0","ocean_disable_margins":"enable","ocean_add_body_class":"","ocean_shortcode_before_top_bar":"","ocean_shortcode_after_top_bar":"","ocean_shortcode_before_header":"","ocean_shortcode_after_header":"","ocean_has_shortcode":"","ocean_shortcode_after_title":"","ocean_shortcode_before_footer_widgets":"","ocean_shortcode_after_footer_widgets":"","ocean_shortcode_before_footer_bottom":"","ocean_shortcode_after_footer_bottom":"","ocean_display_top_bar":"default","ocean_display_header":"default","ocean_header_style":"","ocean_center_header_left_menu":"0","ocean_custom_header_template":"0","ocean_custom_logo":0,"ocean_custom_retina_logo":0,"ocean_custom_logo_max_width":0,"ocean_custom_logo_tablet_max_width":0,"ocean_custom_logo_mobile_max_width":0,"ocean_custom_logo_max_height":0,"ocean_custom_logo_tablet_max_height":0,"ocean_custom_logo_mobile_max_height":0,"ocean_header_custom_menu":"0","ocean_menu_typo_font_family":"0","ocean_menu_typo_font_subset":"","ocean_menu_typo_font_size":0,"ocean_menu_typo_font_size_tablet":0,"ocean_menu_typo_font_size_mobile":0,"ocean_menu_typo_font_size_unit":"px","ocean_menu_typo_font_weight":"","ocean_menu_typo_font_weight_tablet":"","ocean_menu_typo_font_weight_mobile":"","ocean_menu_typo_transform":"","ocean_menu_typo_transform_tablet":"","ocean_menu_typo_transform_mobile":"","ocean_menu_typo_line_height":0,"ocean_menu_typo_line_height_tablet":0,"ocean_menu_typo_line_height_mobile":0,"ocean_menu_typo_line_height_unit":"","ocean_menu_typo_spacing":0,"ocean_menu_typo_spacing_tablet":0,"ocean_menu_typo_spacing_mobile":0,"ocean_menu_typo_spacing_unit":"","ocean_menu_link_color":"","ocean_menu_link_color_hover":"","ocean_menu_link_color_active":"","ocean_menu_link_background":"","ocean_menu_link_hover_background":"","ocean_menu_link_active_background":"","ocean_menu_social_links_bg":"","ocean_menu_social_hover_links_bg":"","ocean_menu_social_links_color":"","ocean_menu_social_hover_links_color":"","ocean_disable_title":"default","ocean_disable_heading":"default","ocean_post_title":"","ocean_post_subheading":"","ocean_post_title_style":"","ocean_post_title_background_color":"","ocean_post_title_background":0,"ocean_post_title_bg_image_position":"","ocean_post_title_bg_image_attachment":"","ocean_post_title_bg_image_repeat":"","ocean_post_title_bg_image_size":"","ocean_post_title_height":0,"ocean_post_title_bg_overlay":0.5,"ocean_post_title_bg_overlay_color":"","ocean_disable_breadcrumbs":"default","ocean_breadcrumbs_color":"","ocean_breadcrumbs_separator_color":"","ocean_breadcrumbs_links_color":"","ocean_breadcrumbs_links_hover_color":"","ocean_display_footer_widgets":"default","ocean_display_footer_bottom":"default","ocean_custom_footer_template":"0","footnotes":""},"class_list":["post-510","page","type-page","status-publish","hentry","entry","has-media"],"_links":{"self":[{"href":"https:\/\/roltucz.pl\/index.php\/wp-json\/wp\/v2\/pages\/510","targetHints":{"allow":["GET"]}}],"collection":[{"href":"https:\/\/roltucz.pl\/index.php\/wp-json\/wp\/v2\/pages"}],"about":[{"href":"https:\/\/roltucz.pl\/index.php\/wp-json\/wp\/v2\/types\/page"}],"author":[{"embeddable":true,"href":"https:\/\/roltucz.pl\/index.php\/wp-json\/wp\/v2\/users\/1"}],"replies":[{"embeddable":true,"href":"https:\/\/roltucz.pl\/index.php\/wp-json\/wp\/v2\/comments?post=510"}],"version-history":[{"count":12,"href":"https:\/\/roltucz.pl\/index.php\/wp-json\/wp\/v2\/pages\/510\/revisions"}],"predecessor-version":[{"id":1218,"href":"https:\/\/roltucz.pl\/index.php\/wp-json\/wp\/v2\/pages\/510\/revisions\/1218"}],"wp:attachment":[{"href":"https:\/\/roltucz.pl\/index.php\/wp-json\/wp\/v2\/media?parent=510"}],"curies":[{"name":"wp","href":"https:\/\/api.w.org\/{rel}","templated":true}]}}